{"id":1948,"date":"2024-05-10T15:23:49","date_gmt":"2024-05-10T13:23:49","guid":{"rendered":"https:\/\/topofcom.net\/?page_id=1948"},"modified":"2024-05-30T16:07:26","modified_gmt":"2024-05-30T14:07:26","slug":"a_propos","status":"publish","type":"page","link":"https:\/\/topofcom.net\/en\/a_propos\/","title":{"rendered":"about"},"content":{"rendered":"<p>[et_pb_section fb_built=\u00a0\u00bb1&Prime; admin_label=\u00a0\u00bbPage Header\u00a0\u00bb _builder_version=\u00a0\u00bb4.25.1&Prime; background_enable_image=\u00a0\u00bboff\u00a0\u00bb custom_padding=\u00a0\u00bb67px|0px|0px|0px|false|false\u00a0\u00bb animation_style=\u00a0\u00bbzoom\u00a0\u00bb animation_intensity_zoom=\u00a0\u00bb4%\u00a0\u00bb global_colors_info=\u00a0\u00bb{}\u00a0\u00bb][et_pb_row _builder_version=\u00a0\u00bb4.25.1&Prime; background_size=\u00a0\u00bbinitial\u00a0\u00bb background_position=\u00a0\u00bbtop_left\u00a0\u00bb background_repeat=\u00a0\u00bbrepeat\u00a0\u00bb custom_padding=\u00a0\u00bb||0px|||\u00a0\u00bb animation_direction=\u00a0\u00bbtop\u00a0\u00bb global_colors_info=\u00a0\u00bb{}\u00a0\u00bb][et_pb_column type=\u00a0\u00bb4_4&Prime; _builder_version=\u00a0\u00bb4.16&Prime; custom_padding=\u00a0\u00bb|||\u00a0\u00bb global_colors_info=\u00a0\u00bb{}\u00a0\u00bb custom_padding__hover=\u00a0\u00bb|||\u00a0\u00bb][et_pb_text content_tablet=\u00a0\u00bb<\/p>\n<h1><span>about<\/span> ...<\/h1>\n<p>\u00a0\u00bb content_phone=\u00a0\u00bb<\/p>\n<h1 style=\"%22text-align:\" center;%22><span>about<\/span> ...<\/h1>\n<p>\u00a0\u00bb content_last_edited=\u00a0\u00bbon|phone\u00a0\u00bb _builder_version=\u00a0\u00bb4.25.1&Prime; text_font=\u00a0\u00bb||||||||\u00a0\u00bb header_font=\u00a0\u00bbMontserrat|700||on|||||dotted\u00a0\u00bb header_text_color=\u00a0\u00bb#353740&Prime; header_font_size=\u00a0\u00bb60px\u00a0\u00bb header_line_height=\u00a0\u00bb1.3em\u00a0\u00bb background_size=\u00a0\u00bbinitial\u00a0\u00bb background_position=\u00a0\u00bbtop_left\u00a0\u00bb background_repeat=\u00a0\u00bbrepeat\u00a0\u00bb transform_scale_tablet=\u00a0\u00bb\u00a0\u00bb transform_scale_phone=\u00a0\u00bb78%|78%\u00a0\u00bb transform_scale_last_edited=\u00a0\u00bbon|phone\u00a0\u00bb transform_translate_tablet=\u00a0\u00bb\u00a0\u00bb transform_translate_phone=\u00a0\u00bb\u00a0\u00bb transform_translate_last_edited=\u00a0\u00bbon|phone\u00a0\u00bb transform_rotate_tablet=\u00a0\u00bb\u00a0\u00bb transform_rotate_phone=\u00a0\u00bb\u00a0\u00bb transform_rotate_last_edited=\u00a0\u00bbon|phone\u00a0\u00bb transform_skew_tablet=\u00a0\u00bb\u00a0\u00bb transform_skew_phone=\u00a0\u00bb\u00a0\u00bb transform_skew_last_edited=\u00a0\u00bbon|phone\u00a0\u00bb transform_origin_tablet=\u00a0\u00bb\u00a0\u00bb transform_origin_phone=\u00a0\u00bb\u00a0\u00bb transform_origin_last_edited=\u00a0\u00bbon|phone\u00a0\u00bb transform_styles_last_edited=\u00a0\u00bbon|phone\u00a0\u00bb custom_margin=\u00a0\u00bb||-17px|||\u00a0\u00bb custom_margin_tablet=\u00a0\u00bb||-17px|||\u00a0\u00bb custom_margin_phone=\u00a0\u00bb||20px||false|false\u00a0\u00bb custom_margin_last_edited=\u00a0\u00bbon|phone\u00a0\u00bb custom_padding=\u00a0\u00bb15px|||||\u00a0\u00bb custom_padding_tablet=\u00a0\u00bb15px|||||\u00a0\u00bb custom_padding_phone=\u00a0\u00bb15px|||||\u00a0\u00bb custom_padding_last_edited=\u00a0\u00bbon|phone\u00a0\u00bb animation_style=\u00a0\u00bbfade\u00a0\u00bb text_font_size_tablet=\u00a0\u00bb\u00a0\u00bb text_font_size_phone=\u00a0\u00bb\u00a0\u00bb text_font_size_last_edited=\u00a0\u00bbon|phone\u00a0\u00bb header_font_size_tablet=\u00a0\u00bb60px\u00a0\u00bb header_font_size_phone=\u00a0\u00bb37px\u00a0\u00bb header_font_size_last_edited=\u00a0\u00bbon|phone\u00a0\u00bb transform_styles_tablet=\u00a0\u00bb\u00a0\u00bb transform_styles_phone=\u00a0\u00bb\u00a0\u00bb locked=\u00a0\u00bboff\u00a0\u00bb global_colors_info=\u00a0\u00bb{}\u00a0\u00bb]<\/p>\n<h1><span>about<\/span>\u00a0...<\/h1>\n<p>[\/et_pb_text][et_pb_divider show_divider=\u00a0\u00bboff\u00a0\u00bb disabled_on=\u00a0\u00bbon|on|off\u00a0\u00bb _builder_version=\u00a0\u00bb4.16&Prime; max_width=\u00a0\u00bb120px\u00a0\u00bb animation_style=\u00a0\u00bbslide\u00a0\u00bb animation_direction=\u00a0\u00bbtop\u00a0\u00bb animation_intensity_slide=\u00a0\u00bb30%\u00a0\u00bb global_colors_info=\u00a0\u00bb{}\u00a0\u00bb][\/et_pb_divider][\/et_pb_column][\/et_pb_row][\/et_pb_section][et_pb_section fb_built=\u00a0\u00bb1&Prime; _builder_version=\u00a0\u00bb4.25.1&Prime; _module_preset=\u00a0\u00bbdefault\u00a0\u00bb custom_padding=\u00a0\u00bb2px|||||\u00a0\u00bb global_colors_info=\u00a0\u00bb{}\u00a0\u00bb][et_pb_row column_structure=\u00a0\u00bb1_2,1_2&Prime; _builder_version=\u00a0\u00bb4.25.1&Prime; _module_preset=\u00a0\u00bbdefault\u00a0\u00bb hover_enabled=\u00a0\u00bb0&Prime; global_colors_info=\u00a0\u00bb{}\u00a0\u00bb sticky_enabled=\u00a0\u00bb0&Prime; custom_margin_last_edited=\u00a0\u00bbon|phone\u00a0\u00bb custom_margin_phone=\u00a0\u00bb-33px||||false|false\u00a0\u00bb][et_pb_column type=\u00a0\u00bb1_2&Prime; _builder_version=\u00a0\u00bb4.25.1&Prime; _module_preset=\u00a0\u00bbdefault\u00a0\u00bb global_colors_info=\u00a0\u00bb{}\u00a0\u00bb][et_pb_text _builder_version=\u00a0\u00bb4.25.1&Prime; _module_preset=\u00a0\u00bbdefault\u00a0\u00bb text_font_size=\u00a0\u00bb18px\u00a0\u00bb custom_margin=\u00a0\u00bb12px||||false|false\u00a0\u00bb custom_margin_tablet=\u00a0\u00bb12px||||false|false\u00a0\u00bb custom_margin_phone=\u00a0\u00bb12px||||false|false\u00a0\u00bb custom_margin_last_edited=\u00a0\u00bbon|desktop\u00a0\u00bb hover_enabled=\u00a0\u00bb0&Prime; global_colors_info=\u00a0\u00bb{}\u00a0\u00bb sticky_enabled=\u00a0\u00bb0&Prime; content_last_edited=\u00a0\u00bbon|phone\u00a0\u00bb content_phone=\u00a0\u00bb<\/p>\n<p style=\"%22text-align:\" left;%22><span><strong>With over 35 years of experience<\/strong>, Martine Chambon founded the company top of com which has firmly established itself as a reference in the field of communication and marketing. <\/span><span> <\/span><span>L&rsquo;agence se distingue par son engagement envers l\u2019excellence et son approche strat\u00e9gique, <\/span><span> <\/span><span>focused on the unique needs of each client. <\/span><\/p>\n<p style=\"%22text-align:\" left;%22><span>L&rsquo;\u00e9quipe pluridisciplinaire de professionnels chevronn\u00e9s allie expertise technique et cr\u00e9ativit\u00e9 <\/span><span> <\/span><span>to design tailor-made communication strategies that captivate audiences and stimulate engagement. <\/span><\/p>\n<p style=\"%22text-align:\" left;%22><span> <\/span><span>Forts d&rsquo;une connaissance diversifi\u00e9e et d&rsquo;une compr\u00e9hension approfondie des tendances du march\u00e9, <\/span><span> <\/span><span>we are able to anticipate the demands of our customers and offer them innovative and effective solutions. <\/span><\/p>\n<p style=\"%22text-align:\" left;%22><span>At top of com, <strong>we firmly believe in the value of collaboration and partnership. <\/strong><\/span><span> <\/span><span>We work closely with our clients to understand their vision, goals and challenges, <\/span><span> <\/span><span>in order to develop strategies that reflect their brand identity while maximizing their impact in the market. <\/span><\/p>\n<p style=\"%22text-align:\" left;%22><span>We make it a point of honor to be responsive, to provide a high quality service, respecting agreed deadlines and budgets. Our goal is to create communications campaigns that exceed our clients' expectations and generate tangible results. top of com, more than a communications agency, we are trusted partners, <\/span><span> <\/span><span>dedicated to the success of our customers. <\/span><\/p>\n<p style=\"%22text-align:\" left;%22><span>En nous choisissant, vous choisissez l&rsquo;enthousiasme, l\u2019innovation et le professionnalisme. <\/span><span> <\/span><span>Trust top of com to bring your projects and desires to life and propel your business to new heights. <\/span><\/p>\n<p>\u00a0\u00bb content_tablet=\u00a0\u00bb<\/p>\n<p><span><strong>With over 35 years of experience<\/strong>, Martine Chambon founded the company top of com which has firmly established itself as a reference in the field of communication and marketing. <\/span><span> <\/span><span>L&rsquo;agence se distingue par son engagement envers l\u2019excellence et son approche strat\u00e9gique, <\/span><span> <\/span><span>focused on the unique needs of each client. <\/span><\/p>\n<p><span>L&rsquo;\u00e9quipe pluridisciplinaire de professionnels chevronn\u00e9s allie expertise technique et cr\u00e9ativit\u00e9 <\/span><span> <\/span><span>to design tailor-made communication strategies that captivate audiences and stimulate engagement. <\/span><\/p>\n<p><span> <\/span><span>Forts d&rsquo;une connaissance diversifi\u00e9e et d&rsquo;une compr\u00e9hension approfondie des tendances du march\u00e9, <\/span><span> <\/span><span>we are able to anticipate the demands of our customers and offer them innovative and effective solutions. <\/span><\/p>\n<p><span>At top of com, <strong>we firmly believe in the value of collaboration and partnership. <\/strong><\/span><span> <\/span><span>We work closely with our clients to understand their vision, goals and challenges, <\/span><span> <\/span><span>in order to develop strategies that reflect their brand identity while maximizing their impact in the market. <\/span><\/p>\n<p><span>We make it a point of honor to be responsive, to provide a high quality service, respecting agreed deadlines and budgets. Our goal is to create communications campaigns that exceed our clients' expectations and generate tangible results. top of com, more than a communications agency, we are trusted partners, <\/span><span> <\/span><span>dedicated to the success of our customers. <\/span><\/p>\n<p><span>En nous choisissant, vous choisissez l&rsquo;enthousiasme, l\u2019innovation et le professionnalisme. <\/span><span> <\/span><span>Trust top of com to bring your projects and desires to life and propel your business to new heights. <\/span><\/p>\n<p>\u00ab\u00a0]<\/p>\n<p><span><strong>With over 35 years of experience<\/strong>, Martine Chambon founded the company top of com which has firmly established itself as a reference in the field of communication and marketing. <\/span><span> <\/span><span>L&rsquo;agence se distingue par son engagement envers l\u2019excellence et son approche strat\u00e9gique, <\/span><span> <\/span><span>focused on the unique needs of each client. <\/span><\/p>\n<p><span>L&rsquo;\u00e9quipe pluridisciplinaire de professionnels chevronn\u00e9s allie expertise technique et cr\u00e9ativit\u00e9 <\/span><span> <\/span><span>to design tailor-made communication strategies that captivate audiences and stimulate engagement. <\/span><\/p>\n<p><span> <\/span><span>Forts d&rsquo;une connaissance diversifi\u00e9e et d&rsquo;une compr\u00e9hension approfondie des tendances du march\u00e9, <\/span><span> <\/span><span>we are able to anticipate the demands of our customers and offer them innovative and effective solutions. <\/span><\/p>\n<p><span>At top of com, <strong>we firmly believe in the value of collaboration and partnership. <\/strong><\/span><span> <\/span><span>We work closely with our clients to understand their vision, goals and challenges, <\/span><span> <\/span><span>in order to develop strategies that reflect their brand identity while maximizing their impact in the market. <\/span><\/p>\n<p><span>We make it a point of honor to be responsive, to provide a high quality service, respecting agreed deadlines and budgets. Our goal is to create communications campaigns that exceed our clients' expectations and generate tangible results. top of com, more than a communications agency, we are trusted partners, <\/span><span> <\/span><span>dedicated to the success of our customers. <\/span><\/p>\n<p><span>En nous choisissant, vous choisissez l&rsquo;enthousiasme, l\u2019innovation et le professionnalisme. <\/span><span> <\/span><span>Trust top of com to bring your projects and desires to life and propel your business to new heights. <\/span><\/p>\n<p>[\/et_pb_text][\/et_pb_column][et_pb_column type=\u00a0\u00bb1_2&Prime; _builder_version=\u00a0\u00bb4.25.1&Prime; _module_preset=\u00a0\u00bbdefault\u00a0\u00bb global_colors_info=\u00a0\u00bb{}\u00a0\u00bb][et_pb_image src=\u00a0\u00bbhttps:\/\/topofcom.net\/wp-content\/uploads\/2024\/05\/shutterstock_1611979057-scaled.webp\u00a0\u00bb title_text=\u00a0\u00bbshutterstock_1611979057&Prime; _builder_version=\u00a0\u00bb4.25.1&Prime; _module_preset=\u00a0\u00bbdefault\u00a0\u00bb global_colors_info=\u00a0\u00bb{}\u00a0\u00bb][\/et_pb_image][\/et_pb_column][\/et_pb_row][\/et_pb_section][et_pb_section fb_built=\u00a0\u00bb1&Prime; admin_label=\u00a0\u00bbQuote Section\u00a0\u00bb _builder_version=\u00a0\u00bb4.16&Prime; background_color=\u00a0\u00bb#fcd21d\u00a0\u00bb custom_margin=\u00a0\u00bb|||\u00a0\u00bb custom_padding=\u00a0\u00bb91px|0px|94px|0px||\u00a0\u00bb animation_style=\u00a0\u00bbzoom\u00a0\u00bb animation_direction=\u00a0\u00bbbottom\u00a0\u00bb animation_intensity_zoom=\u00a0\u00bb4%\u00a0\u00bb animation_starting_opacity=\u00a0\u00bb100%\u00a0\u00bb locked=\u00a0\u00bboff\u00a0\u00bb global_colors_info=\u00a0\u00bb{}\u00a0\u00bb][et_pb_row admin_label=\u00a0\u00bbQuote\u00a0\u00bb _builder_version=\u00a0\u00bb4.16&Prime; background_size=\u00a0\u00bbinitial\u00a0\u00bb background_position=\u00a0\u00bbtop_left\u00a0\u00bb background_repeat=\u00a0\u00bbrepeat\u00a0\u00bb custom_margin=\u00a0\u00bb-89px|auto||auto||\u00a0\u00bb custom_padding=\u00a0\u00bb0px|||||\u00a0\u00bb global_colors_info=\u00a0\u00bb{}\u00a0\u00bb][et_pb_column type=\u00a0\u00bb4_4&Prime; _builder_version=\u00a0\u00bb4.16&Prime; custom_padding=\u00a0\u00bb|||\u00a0\u00bb global_colors_info=\u00a0\u00bb{}\u00a0\u00bb custom_padding__hover=\u00a0\u00bb|||\u00a0\u00bb][et_pb_text admin_label=\u00a0\u00bbQuote\u00a0\u00bb _builder_version=\u00a0\u00bb4.25.0&Prime; text_font=\u00a0\u00bb||||||||\u00a0\u00bb text_text_color=\u00a0\u00bb#353740&Prime; text_line_height=\u00a0\u00bb1.8em\u00a0\u00bb background_size=\u00a0\u00bbinitial\u00a0\u00bb background_position=\u00a0\u00bbtop_left\u00a0\u00bb background_repeat=\u00a0\u00bbrepeat\u00a0\u00bb text_orientation=\u00a0\u00bbcenter\u00a0\u00bb max_width=\u00a0\u00bb700px\u00a0\u00bb module_alignment=\u00a0\u00bbcenter\u00a0\u00bb min_height=\u00a0\u00bb178.4px\u00a0\u00bb custom_padding=\u00a0\u00bb10px|||||\u00a0\u00bb animation_style=\u00a0\u00bbflip\u00a0\u00bb animation_direction=\u00a0\u00bbtop\u00a0\u00bb animation_intensity_flip=\u00a0\u00bb20%\u00a0\u00bb inline_fonts=\u00a0\u00bbagregular\u00a0\u00bb global_colors_info=\u00a0\u00bb{}\u00a0\u00bb]<\/p>\n<h1 style=\"text-align: center;\"><\/h1>\n<p>&nbsp;<\/p>\n<p style=\"text-align: center;\"><span style=\"font-family: agregular; font-weight: normal; font-size: x-large;\"><span style=\"font-size: xx-large;\">Martine Chambon<\/span>head of Top of Com, is there <\/span><\/p>\n<p style=\"text-align: center;\"><span style=\"font-family: agregular; font-weight: normal;\"><span style=\"font-size: x-large;\">to answer<\/span><span style=\"font-size: x-large;\"> your questions <\/span><span style=\"font-size: x-large;\">and discuss your project.<\/span><\/span><\/p>\n<p>[\/et_pb_text][\/et_pb_column][\/et_pb_row][et_pb_row _builder_version=\u00a0\u00bb4.25.0&Prime; _module_preset=\u00a0\u00bbdefault\u00a0\u00bb global_colors_info=\u00a0\u00bb{}\u00a0\u00bb][et_pb_column type=\u00a0\u00bb4_4&Prime; _builder_version=\u00a0\u00bb4.25.0&Prime; _module_preset=\u00a0\u00bbdefault\u00a0\u00bb global_colors_info=\u00a0\u00bb{}\u00a0\u00bb][et_pb_button button_url=\u00a0\u00bb@ET-DC@eyJkeW5hbWljIjp0cnVlLCJjb250ZW50IjoicG9zdF9saW5rX3VybF9wYWdlIiwic2V0dGluZ3MiOnsicG9zdF9pZCI6IjE5MzYifX0=@\u00a0\u00bb button_text=\u00a0\u00bbContactez Martine\u00a0\u00bb button_alignment=\u00a0\u00bbcenter\u00a0\u00bb _builder_version=\u00a0\u00bb4.25.1&Prime; _dynamic_attributes=\u00a0\u00bbbutton_url\u00a0\u00bb _module_preset=\u00a0\u00bbdefault\u00a0\u00bb custom_button=\u00a0\u00bbon\u00a0\u00bb button_text_color=\u00a0\u00bb#9E2083&Prime; global_colors_info=\u00a0\u00bb{}\u00a0\u00bb][\/et_pb_button][\/et_pb_column][\/et_pb_row][\/et_pb_section][et_pb_section fb_built=\u00a0\u00bb1&Prime; _builder_version=\u00a0\u00bb4.25.0&Prime; _module_preset=\u00a0\u00bbdefault\u00a0\u00bb custom_padding=\u00a0\u00bb0px|||||\u00a0\u00bb global_colors_info=\u00a0\u00bb{}\u00a0\u00bb][et_pb_row _builder_version=\u00a0\u00bb4.25.0&Prime; _module_preset=\u00a0\u00bbdefault\u00a0\u00bb custom_padding=\u00a0\u00bb3px|||||\u00a0\u00bb global_colors_info=\u00a0\u00bb{}\u00a0\u00bb][et_pb_column type=\u00a0\u00bb4_4&Prime; _builder_version=\u00a0\u00bb4.25.0&Prime; _module_preset=\u00a0\u00bbdefault\u00a0\u00bb global_colors_info=\u00a0\u00bb{}\u00a0\u00bb][et_pb_image src=\u00a0\u00bbhttps:\/\/topofcom.net\/wp-content\/uploads\/2024\/05\/shutterstock_2190538315-scaled.webp\u00a0\u00bb title_text=\u00a0\u00bbshutterstock_2190538315&Prime; _builder_version=\u00a0\u00bb4.25.1&Prime; _module_preset=\u00a0\u00bbdefault\u00a0\u00bb custom_margin=\u00a0\u00bb-50px||||false|false\u00a0\u00bb box_shadow_style=\u00a0\u00bbpreset2&Prime; box_shadow_horizontal=\u00a0\u00bb22px\u00a0\u00bb box_shadow_vertical=\u00a0\u00bb29px\u00a0\u00bb global_colors_info=\u00a0\u00bb{}\u00a0\u00bb][\/et_pb_image][\/et_pb_column][\/et_pb_row][\/et_pb_section]<\/p>\n<span class=\"et_bloom_bottom_trigger\"><\/span>","protected":false},"excerpt":{"rendered":"<p>D\u00e9couvrez l&rsquo;histoire et la mission de top of com, une agence de communication d\u00e9di\u00e9e \u00e0 fournir des solutions personnalis\u00e9es et innovantes pour r\u00e9pondre aux besoins de votre entreprise. Avec plus de 35 ans d&rsquo;exp\u00e9rience, nous sommes fiers de notre expertise dans les domaines de la communication, du marketing et de la strat\u00e9gie digitale. Notre \u00e9quipe dynamique est d\u00e9termin\u00e9e \u00e0 vous offrir des services de haute qualit\u00e9, tout en restant \u00e0 l&rsquo;\u00e9coute de vos besoins sp\u00e9cifiques. Contactez-nous d\u00e8s aujourd&rsquo;hui pour d\u00e9couvrir comment nous pouvons vous aider \u00e0 atteindre vos objectifs de communication et \u00e0 renforcer votre pr\u00e9sence sur le march\u00e9.<\/p>","protected":false},"author":1,"featured_media":0,"parent":0,"menu_order":0,"comment_status":"closed","ping_status":"closed","template":"","meta":{"_et_pb_use_builder":"on","_et_pb_old_content":"","_et_gb_content_width":"","footnotes":""},"class_list":["post-1948","page","type-page","status-publish","hentry"],"aioseo_notices":[],"_links":{"self":[{"href":"https:\/\/topofcom.net\/en\/wp-json\/wp\/v2\/pages\/1948","targetHints":{"allow":["GET"]}}],"collection":[{"href":"https:\/\/topofcom.net\/en\/wp-json\/wp\/v2\/pages"}],"about":[{"href":"https:\/\/topofcom.net\/en\/wp-json\/wp\/v2\/types\/page"}],"author":[{"embeddable":true,"href":"https:\/\/topofcom.net\/en\/wp-json\/wp\/v2\/users\/1"}],"replies":[{"embeddable":true,"href":"https:\/\/topofcom.net\/en\/wp-json\/wp\/v2\/comments?post=1948"}],"version-history":[{"count":14,"href":"https:\/\/topofcom.net\/en\/wp-json\/wp\/v2\/pages\/1948\/revisions"}],"predecessor-version":[{"id":2804,"href":"https:\/\/topofcom.net\/en\/wp-json\/wp\/v2\/pages\/1948\/revisions\/2804"}],"wp:attachment":[{"href":"https:\/\/topofcom.net\/en\/wp-json\/wp\/v2\/media?parent=1948"}],"curies":[{"name":"wp","href":"https:\/\/api.w.org\/{rel}","templated":true}]}}