{"id":1936,"date":"2024-05-10T14:42:43","date_gmt":"2024-05-10T12:42:43","guid":{"rendered":"https:\/\/topofcom.net\/?page_id=1936"},"modified":"2024-07-16T10:29:42","modified_gmt":"2024-07-16T08:29:42","slug":"contact","status":"publish","type":"page","link":"https:\/\/topofcom.net\/en\/contact\/","title":{"rendered":"Contact"},"content":{"rendered":"<p>[et_pb_section fb_built=\u00a0\u00bb1&Prime; _builder_version=\u00a0\u00bb4.25.1&Prime; _module_preset=\u00a0\u00bbdefault\u00a0\u00bb background_color=\u00a0\u00bbgcid-f1f49207-d26b-4b4c-b04f-57884bcbe64d\u00a0\u00bb global_colors_info=\u00a0\u00bb{%22gcid-f1f49207-d26b-4b4c-b04f-57884bcbe64d%22:%91%22background_color%22%93}\u00a0\u00bb][et_pb_row column_structure=\u00a0\u00bb1_2,1_2&Prime; _builder_version=\u00a0\u00bb4.25.1&Prime; _module_preset=\u00a0\u00bbdefault\u00a0\u00bb animation_style=\u00a0\u00bbflip\u00a0\u00bb animation_direction=\u00a0\u00bbtop\u00a0\u00bb animation_duration=\u00a0\u00bb1200ms\u00a0\u00bb global_colors_info=\u00a0\u00bb{}\u00a0\u00bb][et_pb_column type=\u00a0\u00bb1_2&Prime; _builder_version=\u00a0\u00bb4.25.1&Prime; _module_preset=\u00a0\u00bbdefault\u00a0\u00bb global_colors_info=\u00a0\u00bb{}\u00a0\u00bb][et_pb_team_member name=\u00a0\u00bbMartine Chambon\u00a0\u00bb position=\u00a0\u00bbChef d&rsquo;entreprise, top of com\u00a0\u00bb image_url=\u00a0\u00bbhttps:\/\/topofcom.net\/wp-content\/uploads\/2024\/05\/Martine-Chambon-Top-Of-Com-Nivelles-Agence-de-communication-copie-2.webp\u00a0\u00bb facebook_url=\u00a0\u00bbhttps:\/\/www.facebook.com\/topofcom\/\u00a0\u00bb linkedin_url=\u00a0\u00bbhttps:\/\/be.linkedin.com\/in\/martine-chambon-0148b729&Prime; icon_color=\u00a0\u00bb#009FE3&Prime; use_icon_font_size=\u00a0\u00bbon\u00a0\u00bb icon_font_size=\u00a0\u00bb23px\u00a0\u00bb content_tablet=\u00a0\u00bb<\/p>\n<p class=\"%22p1%22\"><em>Perfectionniste, efficace, flexible, &#8230; <\/em><em>Toujours curieuse de nouvelles exp\u00e9riences et de nouveaux contacts.<\/em><\/p>\n<p><span style=\"%22font-size:\" small;%22>Need privileged and personalized support?<\/span><span> <\/span><\/p>\n<p><span>Don't hesitate to contact me and let's work together!<\/span><\/p>\n<p style=\"%22text-align:\" center;%22><span><\/span><\/p>\n<p style=\"%22text-align:\" center;%22><span><\/span><\/p>\n<p style=\"%22text-align:\" center;%22><span><\/span><\/p>\n<p style=\"%22text-align:\" center;%22><span><\/span><\/p>\n<p style=\"%22text-align:\" center;%22>\n<script src=%22https:\/\/static.elfsight.com\/platform\/platform.js%22 data-use-service-core=%22%22 defer=%22defer%22><\/script>\n<\/p>\n<div class=\"%22elfsight-app-147428ef-2b1b-42fa-b077-5e44d5e3b278%22\" data-elfsight-app-lazy=\"%22%22\" style=\"%22text-align:\" center;%22><\/div>\n<p>\u00a0\u00bb content_phone=\u00a0\u00bb<\/p>\n<p class=\"%22p1%22\"><i><\/i><\/p>\n<p class=\"%22p1%22\"><i>Perfectionniste, efficace, flexible, &#8230; Toujours curieuse de nouvelles exp\u00e9riences et de nouveaux contacts.<\/i><\/p>\n<p class=\"%22p1%22\">Need privileged and personalized support?<\/p>\n<p class=\"%22p1%22\">Don't hesitate to contact me and let's work together!<\/p>\n<p>\u00a0\u00bb content_last_edited=\u00a0\u00bboff|desktop\u00a0\u00bb _builder_version=\u00a0\u00bb4.26.0&Prime; _module_preset=\u00a0\u00bbdefault\u00a0\u00bb header_font=\u00a0\u00bb|700|||||||\u00a0\u00bb header_text_align=\u00a0\u00bbcenter\u00a0\u00bb header_text_color=\u00a0\u00bb#009FE3&Prime; header_font_size=\u00a0\u00bb28px\u00a0\u00bb header_line_height=\u00a0\u00bb2.3em\u00a0\u00bb body_font=\u00a0\u00bb||||||||\u00a0\u00bb body_text_align=\u00a0\u00bbcenter\u00a0\u00bb body_text_color=\u00a0\u00bb#223377&Prime; body_font_size=\u00a0\u00bb19px\u00a0\u00bb position_font=\u00a0\u00bb||||||||\u00a0\u00bb position_font_size=\u00a0\u00bb13px\u00a0\u00bb text_orientation=\u00a0\u00bbcenter\u00a0\u00bb min_height=\u00a0\u00bb828.3px\u00a0\u00bb custom_margin=\u00a0\u00bb93px|||144px|false|false\u00a0\u00bb custom_margin_tablet=\u00a0\u00bb23px||-81px||false|false\u00a0\u00bb custom_margin_phone=\u00a0\u00bb93px||-45px|0px|false|false\u00a0\u00bb custom_margin_last_edited=\u00a0\u00bbon|phone\u00a0\u00bb child_filter_hue_rotate=\u00a0\u00bb9deg\u00a0\u00bb hover_enabled=\u00a0\u00bb0&Prime; header_text_align_tablet=\u00a0\u00bbleft\u00a0\u00bb header_text_align_phone=\u00a0\u00bbcenter\u00a0\u00bb header_text_align_last_edited=\u00a0\u00bbon|tablet\u00a0\u00bb header_font_size_tablet=\u00a0\u00bb30px\u00a0\u00bb header_font_size_phone=\u00a0\u00bb24px\u00a0\u00bb header_font_size_last_edited=\u00a0\u00bbon|phone\u00a0\u00bb body_text_align_tablet=\u00a0\u00bbleft\u00a0\u00bb body_text_align_phone=\u00a0\u00bbcenter\u00a0\u00bb body_text_align_last_edited=\u00a0\u00bbon|tablet\u00a0\u00bb position_text_align_tablet=\u00a0\u00bb\u00a0\u00bb position_text_align_phone=\u00a0\u00bbcenter\u00a0\u00bb position_text_align_last_edited=\u00a0\u00bbon|phone\u00a0\u00bb border_radii_image=\u00a0\u00bboff|1618px|1618px||1618px\u00a0\u00bb border_width_all_image=\u00a0\u00bb7px\u00a0\u00bb border_color_all_image=\u00a0\u00bb#70706F\u00a0\u00bb box_shadow_style_image=\u00a0\u00bbpreset3&Prime; box_shadow_horizontal_image=\u00a0\u00bb29px\u00a0\u00bb global_colors_info=\u00a0\u00bb{}\u00a0\u00bb filter_brightness__hover_enabled=\u00a0\u00bbon|hover\u00a0\u00bb filter_brightness__hover=\u00a0\u00bb109%\u00a0\u00bb sticky_enabled=\u00a0\u00bb0&Prime;]<\/p>\n<p class=\"p1\"><i><\/i><\/p>\n<p class=\"p1\"><span style=\"font-family: inherit;\"><i>Perfectionist, efficient, flexible,\u2026 Always curious about new experiences and new challenges.<\/i><\/span><\/p>\n<p class=\"p1\"><span style=\"font-family: inherit;\">Need privileged and personalized support?<\/span><\/p>\n<p class=\"p1\"><span>Contact me and let\u2019s become a partner!<\/span><\/p>\n<p style=\"text-align: center;\">\n<script src=\"https:\/\/static.elfsight.com\/platform\/platform.js\" data-use-service-core=\"\" defer=\"defer\"><\/script>\n<\/p>\n<p>[\/et_pb_team_member][\/et_pb_column][et_pb_column type=\u00a0\u00bb1_2&Prime; _builder_version=\u00a0\u00bb4.25.1&Prime; _module_preset=\u00a0\u00bbdefault\u00a0\u00bb global_colors_info=\u00a0\u00bb{}\u00a0\u00bb][et_pb_text _builder_version=\u00a0\u00bb4.25.1&Prime; _module_preset=\u00a0\u00bbdefault\u00a0\u00bb module_alignment=\u00a0\u00bbcenter\u00a0\u00bb custom_margin=\u00a0\u00bb44px||||false|false\u00a0\u00bb custom_margin_tablet=\u00a0\u00bb44px||||false|false\u00a0\u00bb custom_margin_phone=\u00a0\u00bb-53px||||false|false\u00a0\u00bb custom_margin_last_edited=\u00a0\u00bbon|phone\u00a0\u00bb global_colors_info=\u00a0\u00bb{}\u00a0\u00bb]<\/p>\n<p>\n<script src=\"https:\/\/static.elfsight.com\/platform\/platform.js\" data-use-service-core=\"\" defer=\"defer\"><\/script>\n<\/p>\n<div class=\"elfsight-app-1968b858-274f-4cce-a5c6-b6928d5d1d9d\" data-elfsight-app-lazy=\"\"><\/div>\n<p>[\/et_pb_text][\/et_pb_column][\/et_pb_row][\/et_pb_section]<\/p>\n<span class=\"et_bloom_bottom_trigger\"><\/span>","protected":false},"excerpt":{"rendered":"<p>Bonjour, je suis Martine, \u00e0 la t\u00eate de top of com. Discutons de votre projet d\u00e8s maintenant ! Remplissez le formulaire ci-dessous pour obtenir plus d&rsquo;informations et commencer votre parcours de communication avec nous.<\/p>","protected":false},"author":1,"featured_media":0,"parent":0,"menu_order":0,"comment_status":"closed","ping_status":"closed","template":"","meta":{"_et_pb_use_builder":"on","_et_pb_old_content":"","_et_gb_content_width":"","footnotes":""},"class_list":["post-1936","page","type-page","status-publish","hentry"],"aioseo_notices":[],"_links":{"self":[{"href":"https:\/\/topofcom.net\/en\/wp-json\/wp\/v2\/pages\/1936","targetHints":{"allow":["GET"]}}],"collection":[{"href":"https:\/\/topofcom.net\/en\/wp-json\/wp\/v2\/pages"}],"about":[{"href":"https:\/\/topofcom.net\/en\/wp-json\/wp\/v2\/types\/page"}],"author":[{"embeddable":true,"href":"https:\/\/topofcom.net\/en\/wp-json\/wp\/v2\/users\/1"}],"replies":[{"embeddable":true,"href":"https:\/\/topofcom.net\/en\/wp-json\/wp\/v2\/comments?post=1936"}],"version-history":[{"count":4,"href":"https:\/\/topofcom.net\/en\/wp-json\/wp\/v2\/pages\/1936\/revisions"}],"predecessor-version":[{"id":2833,"href":"https:\/\/topofcom.net\/en\/wp-json\/wp\/v2\/pages\/1936\/revisions\/2833"}],"wp:attachment":[{"href":"https:\/\/topofcom.net\/en\/wp-json\/wp\/v2\/media?parent=1936"}],"curies":[{"name":"wp","href":"https:\/\/api.w.org\/{rel}","templated":true}]}}