{"id":1781,"date":"2024-05-08T15:35:51","date_gmt":"2024-05-08T13:35:51","guid":{"rendered":"https:\/\/topofcom.net\/?page_id=1781"},"modified":"2024-05-30T15:04:46","modified_gmt":"2024-05-30T13:04:46","slug":"communication","status":"publish","type":"page","link":"https:\/\/topofcom.net\/en\/communication\/","title":{"rendered":"Communication"},"content":{"rendered":"<p>[et_pb_section fb_built=\u00a0\u00bb1&Prime; admin_label=\u00a0\u00bbHero\u00a0\u00bb _builder_version=\u00a0\u00bb4.25.1&Prime; use_background_color_gradient=\u00a0\u00bbon\u00a0\u00bb background_color_gradient_stops=\u00a0\u00bbrgba(0,0,0,0.6) 0%|rgba(0,0,0,0.6) 100%\u00a0\u00bb background_color_gradient_overlays_image=\u00a0\u00bbon\u00a0\u00bb background_color_gradient_start=\u00a0\u00bbrgba(0,0,0,0.6)\u00a0\u00bb background_color_gradient_end=\u00a0\u00bbrgba(0,0,0,0.6)\u00a0\u00bb background_image=\u00a0\u00bbhttps:\/\/topofcom.net\/wp-content\/uploads\/2024\/05\/2-shutterstock_387274792-scaled.webp\u00a0\u00bb custom_padding=\u00a0\u00bb110px|0px|1px|0px|false|false\u00a0\u00bb filter_opacity=\u00a0\u00bb88%\u00a0\u00bb animation_style=\u00a0\u00bbzoom\u00a0\u00bb animation_intensity_zoom=\u00a0\u00bb4%\u00a0\u00bb global_module=\u00a0\u00bb1893&Prime; saved_tabs=\u00a0\u00bball\u00a0\u00bb global_colors_info=\u00a0\u00bb{}\u00a0\u00bb][et_pb_row _builder_version=\u00a0\u00bb4.16&Prime; background_size=\u00a0\u00bbinitial\u00a0\u00bb background_position=\u00a0\u00bbtop_left\u00a0\u00bb background_repeat=\u00a0\u00bbrepeat\u00a0\u00bb custom_padding=\u00a0\u00bb||0px|||\u00a0\u00bb animation_style=\u00a0\u00bbslide\u00a0\u00bb animation_direction=\u00a0\u00bbtop\u00a0\u00bb animation_intensity_slide=\u00a0\u00bb3%\u00a0\u00bb global_colors_info=\u00a0\u00bb{}\u00a0\u00bb][et_pb_column type=\u00a0\u00bb4_4&Prime; _builder_version=\u00a0\u00bb4.16&Prime; custom_padding=\u00a0\u00bb|||\u00a0\u00bb global_colors_info=\u00a0\u00bb{}\u00a0\u00bb custom_padding__hover=\u00a0\u00bb|||\u00a0\u00bb][et_pb_text _builder_version=\u00a0\u00bb4.25.0&Prime; text_font=\u00a0\u00bbMontserrat|500||on|||||\u00a0\u00bb text_text_color=\u00a0\u00bb#f7f7f7&Prime; text_font_size=\u00a0\u00bb16px\u00a0\u00bb text_letter_spacing=\u00a0\u00bb3px\u00a0\u00bb background_size=\u00a0\u00bbinitial\u00a0\u00bb background_position=\u00a0\u00bbtop_left\u00a0\u00bb background_repeat=\u00a0\u00bbrepeat\u00a0\u00bb custom_margin=\u00a0\u00bb||7px|||\u00a0\u00bb animation_style=\u00a0\u00bbslide\u00a0\u00bb animation_direction=\u00a0\u00bbbottom\u00a0\u00bb locked=\u00a0\u00bboff\u00a0\u00bb global_colors_info=\u00a0\u00bb{}\u00a0\u00bb]<\/p>\n<p>OUR SERVICES<\/p>\n<p>[\/et_pb_text][et_pb_text _builder_version=\u00a0\u00bb4.25.0&Prime; text_font=\u00a0\u00bb||||||||\u00a0\u00bb header_font=\u00a0\u00bbMontserrat|700||on|||||\u00a0\u00bb header_text_color=\u00a0\u00bb#ffffff\u00a0\u00bb header_font_size=\u00a0\u00bb60px\u00a0\u00bb header_line_height=\u00a0\u00bb1.3em\u00a0\u00bb header_2_font=\u00a0\u00bb||||||||\u00a0\u00bb background_size=\u00a0\u00bbinitial\u00a0\u00bb background_position=\u00a0\u00bbtop_left\u00a0\u00bb background_repeat=\u00a0\u00bbrepeat\u00a0\u00bb custom_margin=\u00a0\u00bb|||\u00a0\u00bb custom_padding=\u00a0\u00bb0px|||||\u00a0\u00bb animation_style=\u00a0\u00bbfade\u00a0\u00bb header_font_size_tablet=\u00a0\u00bb\u00a0\u00bb header_font_size_phone=\u00a0\u00bb30px\u00a0\u00bb header_font_size_last_edited=\u00a0\u00bbon|phone\u00a0\u00bb locked=\u00a0\u00bboff\u00a0\u00bb global_colors_info=\u00a0\u00bb{}\u00a0\u00bb]<\/p>\n<h1><span style=\"color: #009fe3;\">COMMUNICATION<\/span><\/h1>\n<p>[\/et_pb_text][et_pb_text _builder_version=\u00a0\u00bb4.25.0&Prime; text_font=\u00a0\u00bb||||||||\u00a0\u00bb text_text_color=\u00a0\u00bb#ffffff\u00a0\u00bb text_font_size=\u00a0\u00bb24px\u00a0\u00bb text_line_height=\u00a0\u00bb1.8em\u00a0\u00bb background_size=\u00a0\u00bbinitial\u00a0\u00bb background_position=\u00a0\u00bbtop_left\u00a0\u00bb background_repeat=\u00a0\u00bbrepeat\u00a0\u00bb max_width=\u00a0\u00bb843px\u00a0\u00bb module_alignment=\u00a0\u00bbleft\u00a0\u00bb custom_margin=\u00a0\u00bb-24px|69px|24px|-102px|false|false\u00a0\u00bb custom_padding=\u00a0\u00bb0px|0px|4px|0px|false|false\u00a0\u00bb animation_style=\u00a0\u00bbflip\u00a0\u00bb animation_direction=\u00a0\u00bbtop\u00a0\u00bb animation_intensity_flip=\u00a0\u00bb20%\u00a0\u00bb text_font_size_tablet=\u00a0\u00bb\u00a0\u00bb text_font_size_phone=\u00a0\u00bb18px\u00a0\u00bb text_font_size_last_edited=\u00a0\u00bbon|phone\u00a0\u00bb locked=\u00a0\u00bboff\u00a0\u00bb global_colors_info=\u00a0\u00bb{}\u00a0\u00bb]<\/p>\n<p><span style=\"font-size: x-large; font-family: inherit; font-weight: normal;\">At<span style=\"color: #ffffff;\"> top of com<\/span>, we offer personalized <strong>communication<\/strong> personnalis\u00e9es, adapt\u00e9es \u00e0 votre identit\u00e9 de marque et \u00e0 vos objectifs sp\u00e9cifiques. Forts de plus de 36 ans d&rsquo;expertise, nous sommes l\u00e0 pour vous accompagner \u00e0 chaque \u00e9tape de votre parcours de communication.<\/span><\/p>\n<p>[\/et_pb_text][\/et_pb_column][\/et_pb_row][et_pb_row column_structure=\u00a0\u00bb1_2,1_2&Prime; _builder_version=\u00a0\u00bb4.25.0&Prime; _module_preset=\u00a0\u00bbdefault\u00a0\u00bb width_tablet=\u00a0\u00bb\u00a0\u00bb width_phone=\u00a0\u00bb94%\u00a0\u00bb width_last_edited=\u00a0\u00bbon|phone\u00a0\u00bb custom_margin_tablet=\u00a0\u00bb\u00a0\u00bb custom_margin_phone=\u00a0\u00bb-67px|||-32px|false|false\u00a0\u00bb custom_margin_last_edited=\u00a0\u00bbon|phone\u00a0\u00bb global_colors_info=\u00a0\u00bb{}\u00a0\u00bb][et_pb_column type=\u00a0\u00bb1_2&Prime; _builder_version=\u00a0\u00bb4.25.0&Prime; _module_preset=\u00a0\u00bbdefault\u00a0\u00bb global_colors_info=\u00a0\u00bb{}\u00a0\u00bb][\/et_pb_column][et_pb_column type=\u00a0\u00bb1_2&Prime; _builder_version=\u00a0\u00bb4.25.0&Prime; _module_preset=\u00a0\u00bbdefault\u00a0\u00bb global_colors_info=\u00a0\u00bb{}\u00a0\u00bb][et_pb_button button_url=\u00a0\u00bb@ET-DC@eyJkeW5hbWljIjp0cnVlLCJjb250ZW50IjoicG9zdF9saW5rX3VybF9wYWdlIiwic2V0dGluZ3MiOnsicG9zdF9pZCI6IjE5MzYifX0=@\u00a0\u00bb button_text=\u00a0\u00bbParlez-nous de vos projets\u00a0\u00bb button_alignment=\u00a0\u00bbright\u00a0\u00bb button_alignment_tablet=\u00a0\u00bb\u00a0\u00bb button_alignment_phone=\u00a0\u00bbright\u00a0\u00bb button_alignment_last_edited=\u00a0\u00bbon|phone\u00a0\u00bb _builder_version=\u00a0\u00bb4.25.1&Prime; _dynamic_attributes=\u00a0\u00bbbutton_url\u00a0\u00bb _module_preset=\u00a0\u00bbdefault\u00a0\u00bb custom_button=\u00a0\u00bbon\u00a0\u00bb button_text_size=\u00a0\u00bb23px\u00a0\u00bb button_text_color=\u00a0\u00bbgcid-391bc3dd-e613-4e50-a19b-90e91b6ece66&Prime; button_text_size_tablet=\u00a0\u00bb\u00a0\u00bb button_text_size_phone=\u00a0\u00bb20px\u00a0\u00bb button_text_size_last_edited=\u00a0\u00bbon|phone\u00a0\u00bb global_colors_info=\u00a0\u00bb{%22gcid-391bc3dd-e613-4e50-a19b-90e91b6ece66%22:%91%22button_text_color%22%93}\u00a0\u00bb][\/et_pb_button][\/et_pb_column][\/et_pb_row][\/et_pb_section][et_pb_section fb_built=\u00a0\u00bb1&Prime; admin_label=\u00a0\u00bbText and Image\u00a0\u00bb _builder_version=\u00a0\u00bb4.25.1&Prime; background_color=\u00a0\u00bb#f7f7f7&Prime; custom_padding=\u00a0\u00bb109px|0px|25px|0px||\u00a0\u00bb global_colors_info=\u00a0\u00bb{}\u00a0\u00bb][et_pb_row column_structure=\u00a0\u00bb1_2,1_2&Prime; _builder_version=\u00a0\u00bb4.25.1&Prime; background_size=\u00a0\u00bbinitial\u00a0\u00bb background_position=\u00a0\u00bbtop_left\u00a0\u00bb background_repeat=\u00a0\u00bbrepeat\u00a0\u00bb min_height=\u00a0\u00bb843.6px\u00a0\u00bb custom_padding=\u00a0\u00bb0px||1px|||\u00a0\u00bb global_colors_info=\u00a0\u00bb{}\u00a0\u00bb][et_pb_column type=\u00a0\u00bb1_2&Prime; _builder_version=\u00a0\u00bb4.16&Prime; custom_padding=\u00a0\u00bb|||\u00a0\u00bb global_colors_info=\u00a0\u00bb{}\u00a0\u00bb custom_padding__hover=\u00a0\u00bb|||\u00a0\u00bb][et_pb_text content_tablet=\u00a0\u00bb<\/p>\n<p class=\"%22p1%22\" style=\"%22text-align:\" left;%22><span style=\"%22font-size:\" x-large;%22><strong><span style=\"%22color:\" #009fe3;%22>Visual Identity Development<\/span><\/strong><\/span><\/p>\n<p class=\"%22p1%22\" style=\"%22text-align:\" left;%22>Your visual identity is the core of your brand. We work with you to create a logo and branding <span>with unique features that characterize you, appeal to your target audience, strengthen your notoriety and your position on the market.<\/span><\/p>\n<p class=\"%22p1%22\" style=\"%22text-align:\" left;%22><span style=\"%22font-size:\" x-large;%22><strong><span style=\"%22color:\" #009fe3;%22>Advertising and Marketing Strategies<\/span><\/strong><\/span><\/p>\n<p class=\"%22p1%22\" style=\"%22text-align:\" left;%22>From strategic planning to creative implementation, we craft impactful advertising and marketing campaigns that drive real results for your business.<\/p>\n<p class=\"%22p1%22\" style=\"%22text-align:\" left;%22><span style=\"%22font-size:\" x-large;%22><span style=\"%22color:\" #009fe3;%22><strong>Creation of Communication Supports<\/strong><\/span><\/span><\/p>\n<p class=\"%22p1%22\" style=\"%22text-align:\" left;%22><span>We put our creativity and our know-how at the service of the design of your various media. <\/span><span>Whether brochures, leaflets, posters, invitations, <\/span><span> publishing, <\/span><span>educational, digital, or any other document.<\/span><\/p>\n<p class=\"%22p1%22\" style=\"%22text-align:\" left;%22><span style=\"%22font-size:\" x-large;%22><strong><span style=\"%22color:\" #009fe3;%22>Public Relations and Image Management<\/span><\/strong><\/span><\/p>\n<p class=\"%22p1%22\" style=\"%22text-align:\" left;%22>We help you manage your reputation by developing clear public relations strategies and ensuring your business is perceived positively by the public.<\/p>\n<p>\u00a0\u00bb content_phone=\u00a0\u00bb<\/p>\n<p class=\"%22p1%22\" style=\"%22text-align:\" left;%22><span style=\"%22font-size:\" x-large;%22><strong><span style=\"%22color:\" #009fe3;%22>Visual Identity Development<\/span><\/strong><\/span><\/p>\n<p class=\"%22p1%22\" style=\"%22text-align:\" left;%22>Your visual identity is the core of your brand. We work with you to create a logo and branding <span>with unique features that characterize you, appeal to your target audience, strengthen your notoriety and your position on the market.<\/span><\/p>\n<p class=\"%22p1%22\" style=\"%22text-align:\" left;%22><span style=\"%22font-size:\" x-large;%22><strong><span style=\"%22color:\" #009fe3;%22>Advertising and Marketing Strategies<\/span><\/strong><\/span><\/p>\n<p class=\"%22p1%22\" style=\"%22text-align:\" left;%22>From strategic planning to creative implementation, we craft impactful advertising and marketing campaigns that drive real results for your business.<\/p>\n<p class=\"%22p1%22\" style=\"%22text-align:\" left;%22><span style=\"%22font-size:\" x-large;%22><span style=\"%22color:\" #009fe3;%22><strong>Creation of Communication Supports<\/strong><\/span><\/span><\/p>\n<p class=\"%22p1%22\" style=\"%22text-align:\" left;%22><span>We put our creativity and our know-how at the service of the design of your various media. <\/span><span>Whether brochures, leaflets, posters, invitations, <\/span><span> publishing, <\/span><span>educational, digital, or any other document.<\/span><\/p>\n<p class=\"%22p1%22\" style=\"%22text-align:\" left;%22><span style=\"%22font-size:\" x-large;%22><strong><span style=\"%22color:\" #009fe3;%22>Public Relations and Image Management<\/span><\/strong><\/span><\/p>\n<p class=\"%22p1%22\" style=\"%22text-align:\" left;%22>We help you manage your reputation by developing clear public relations strategies and ensuring your business is perceived positively by the public.<\/p>\n<p>\u00a0\u00bb content_last_edited=\u00a0\u00bboff|desktop\u00a0\u00bb _builder_version=\u00a0\u00bb4.25.1&Prime; text_font=\u00a0\u00bb||||||||\u00a0\u00bb text_text_color=\u00a0\u00bb#747d88&Prime; text_font_size=\u00a0\u00bb20px\u00a0\u00bb text_line_height=\u00a0\u00bb1.8em\u00a0\u00bb header_font=\u00a0\u00bb||||||||\u00a0\u00bb header_3_font=\u00a0\u00bbMontserrat||||||||\u00a0\u00bb header_3_line_height=\u00a0\u00bb1.5em\u00a0\u00bb background_size=\u00a0\u00bbinitial\u00a0\u00bb background_position=\u00a0\u00bbtop_left\u00a0\u00bb background_repeat=\u00a0\u00bbrepeat\u00a0\u00bb max_width=\u00a0\u00bb700px\u00a0\u00bb module_alignment=\u00a0\u00bbcenter\u00a0\u00bb custom_margin=\u00a0\u00bb-67px|||||\u00a0\u00bb custom_padding=\u00a0\u00bb0px||||false|false\u00a0\u00bb animation_style=\u00a0\u00bbfade\u00a0\u00bb animation_direction=\u00a0\u00bbtop\u00a0\u00bb text_font_size_tablet=\u00a0\u00bb20px\u00a0\u00bb text_font_size_phone=\u00a0\u00bb17px\u00a0\u00bb text_font_size_last_edited=\u00a0\u00bbon|phone\u00a0\u00bb header_font_size_tablet=\u00a0\u00bb\u00a0\u00bb header_font_size_phone=\u00a0\u00bb25px\u00a0\u00bb header_font_size_last_edited=\u00a0\u00bbon|phone\u00a0\u00bb global_colors_info=\u00a0\u00bb{}\u00a0\u00bb]<\/p>\n<p class=\"p1\" style=\"text-align: left;\"><span style=\"font-size: x-large;\"><strong><span style=\"color: #009fe3;\">Visual Identity Development<\/span><\/strong><\/span><\/p>\n<p class=\"p1\" style=\"text-align: left;\">Your visual identity is the core of your brand. We work with you to create a logo and branding <span>with unique features that characterize you, appeal to your target audience, strengthen your notoriety and your position on the market.<\/span><\/p>\n<p class=\"p1\" style=\"text-align: left;\"><span style=\"font-size: x-large;\"><strong><span style=\"color: #009fe3;\">Advertising and Marketing Strategies<\/span><\/strong><\/span><\/p>\n<p class=\"p1\" style=\"text-align: left;\">From strategic planning to creative implementation, we craft impactful advertising and marketing campaigns that drive real results for your business.<\/p>\n<p class=\"p1\" style=\"text-align: left;\"><span style=\"font-size: x-large;\"><span style=\"color: #009fe3;\"><strong>Creation of Communication Supports<\/strong><\/span><\/span><\/p>\n<p class=\"p1\" style=\"text-align: left;\"><span>We put our creativity and our know-how at the service of the design of your various supports\u2026 <\/span><span>Whether brochures, leaflets, posters, invitations, <\/span><span> publishing, <\/span><span>educational, digital, or any other document.<\/span><\/p>\n<p class=\"p1\" style=\"text-align: left;\"><span style=\"font-size: x-large;\"><strong><span style=\"color: #009fe3;\">Public Relations and Image Management<\/span><\/strong><\/span><\/p>\n<p class=\"p1\" style=\"text-align: left;\">We help you manage your reputation by developing clear public relations strategies and ensuring your business is perceived positively by the public.<\/p>\n<p>[\/et_pb_text][\/et_pb_column][et_pb_column type=\u00a0\u00bb1_2&Prime; _builder_version=\u00a0\u00bb4.16&Prime; custom_padding=\u00a0\u00bb|||\u00a0\u00bb global_colors_info=\u00a0\u00bb{}\u00a0\u00bb custom_padding__hover=\u00a0\u00bb|||\u00a0\u00bb][et_pb_image src=\u00a0\u00bbhttps:\/\/topofcom.net\/wp-content\/uploads\/2024\/05\/shutterstock_1917894149-1.webp\u00a0\u00bb title_text=\u00a0\u00bbshutterstock_1917894149&Prime; align_tablet=\u00a0\u00bbcenter\u00a0\u00bb align_phone=\u00a0\u00bbcenter\u00a0\u00bb align_last_edited=\u00a0\u00bbon|desktop\u00a0\u00bb _builder_version=\u00a0\u00bb4.25.1&Prime; transform_scale_tablet=\u00a0\u00bb\u00a0\u00bb transform_scale_phone=\u00a0\u00bb114%|114%\u00a0\u00bb transform_scale_last_edited=\u00a0\u00bbon|phone\u00a0\u00bb transform_translate_tablet=\u00a0\u00bb\u00a0\u00bb transform_translate_phone=\u00a0\u00bb-6px|-16px\u00a0\u00bb transform_translate_last_edited=\u00a0\u00bbon|phone\u00a0\u00bb transform_rotate_tablet=\u00a0\u00bb\u00a0\u00bb transform_rotate_phone=\u00a0\u00bb\u00a0\u00bb transform_rotate_last_edited=\u00a0\u00bbon|phone\u00a0\u00bb transform_skew_tablet=\u00a0\u00bb\u00a0\u00bb transform_skew_phone=\u00a0\u00bb\u00a0\u00bb transform_skew_last_edited=\u00a0\u00bbon|phone\u00a0\u00bb transform_origin_tablet=\u00a0\u00bb\u00a0\u00bb transform_origin_phone=\u00a0\u00bb\u00a0\u00bb transform_origin_last_edited=\u00a0\u00bbon|phone\u00a0\u00bb transform_styles_last_edited=\u00a0\u00bbon|phone\u00a0\u00bb custom_margin=\u00a0\u00bb-16px|-180px|-5px|14px|false|false\u00a0\u00bb custom_margin_tablet=\u00a0\u00bb18px|-62px|-5px|11px|false|false\u00a0\u00bb custom_margin_phone=\u00a0\u00bb53px|-13px|4px|35px|false|false\u00a0\u00bb custom_margin_last_edited=\u00a0\u00bbon|phone\u00a0\u00bb custom_padding=\u00a0\u00bb3px|0px|0px|2px|false|false\u00a0\u00bb custom_padding_tablet=\u00a0\u00bb3px|0px|0px|2px|false|false\u00a0\u00bb custom_padding_phone=\u00a0\u00bb0px||93px||false|false\u00a0\u00bb custom_padding_last_edited=\u00a0\u00bbon|phone\u00a0\u00bb animation_style=\u00a0\u00bbfold\u00a0\u00bb animation_direction=\u00a0\u00bbright\u00a0\u00bb hover_enabled=\u00a0\u00bb0&Prime; transform_styles_tablet=\u00a0\u00bb\u00a0\u00bb transform_styles_phone=\u00a0\u00bb\u00a0\u00bb box_shadow_style=\u00a0\u00bbpreset1&Prime; box_shadow_horizontal=\u00a0\u00bb16px\u00a0\u00bb box_shadow_vertical=\u00a0\u00bb18px\u00a0\u00bb box_shadow_blur=\u00a0\u00bb24px\u00a0\u00bb global_colors_info=\u00a0\u00bb{}\u00a0\u00bb transform_scale=\u00a0\u00bb86%|86%\u00a0\u00bb transform_translate=\u00a0\u00bb-69px|-59px\u00a0\u00bb sticky_enabled=\u00a0\u00bb0&Prime;][\/et_pb_image][\/et_pb_column][\/et_pb_row][\/et_pb_section][et_pb_section fb_built=\u00a0\u00bb1&Prime; admin_label=\u00a0\u00bbImage and Text\u00a0\u00bb _builder_version=\u00a0\u00bb4.25.0&Prime; background_color=\u00a0\u00bb#ffffff\u00a0\u00bb custom_padding=\u00a0\u00bb112px|0px|6px|0px||\u00a0\u00bb global_colors_info=\u00a0\u00bb{}\u00a0\u00bb][et_pb_row column_structure=\u00a0\u00bb1_2,1_2&Prime; _builder_version=\u00a0\u00bb4.25.0&Prime; background_size=\u00a0\u00bbinitial\u00a0\u00bb background_position=\u00a0\u00bbtop_left\u00a0\u00bb background_repeat=\u00a0\u00bbrepeat\u00a0\u00bb custom_margin_tablet=\u00a0\u00bb\u00a0\u00bb custom_margin_phone=\u00a0\u00bb-98px||||false|false\u00a0\u00bb custom_margin_last_edited=\u00a0\u00bbon|phone\u00a0\u00bb custom_padding=\u00a0\u00bb1px|||||\u00a0\u00bb global_colors_info=\u00a0\u00bb{}\u00a0\u00bb][et_pb_column type=\u00a0\u00bb1_2&Prime; _builder_version=\u00a0\u00bb4.16&Prime; custom_padding=\u00a0\u00bb|||\u00a0\u00bb global_colors_info=\u00a0\u00bb{}\u00a0\u00bb custom_padding__hover=\u00a0\u00bb|||\u00a0\u00bb][et_pb_image src=\u00a0\u00bbhttps:\/\/topofcom.net\/wp-content\/uploads\/2024\/05\/top-of-com-idee-scaled-1.webp\u00a0\u00bb title_text=\u00a0\u00bbValorisez votre entreprise avec Top Of Com\u00a0\u00bb show_in_lightbox=\u00a0\u00bbon\u00a0\u00bb align_tablet=\u00a0\u00bbcenter\u00a0\u00bb align_phone=\u00a0\u00bbcenter\u00a0\u00bb align_last_edited=\u00a0\u00bbon|desktop\u00a0\u00bb _builder_version=\u00a0\u00bb4.25.1&Prime; width_tablet=\u00a0\u00bb\u00a0\u00bb width_phone=\u00a0\u00bb\u00a0\u00bb width_last_edited=\u00a0\u00bbon|phone\u00a0\u00bb max_width_tablet=\u00a0\u00bb\u00a0\u00bb max_width_phone=\u00a0\u00bb100%\u00a0\u00bb max_width_last_edited=\u00a0\u00bbon|phone\u00a0\u00bb min_height=\u00a0\u00bb518.9px\u00a0\u00bb min_height_tablet=\u00a0\u00bb518.9px\u00a0\u00bb min_height_phone=\u00a0\u00bb386.5px\u00a0\u00bb min_height_last_edited=\u00a0\u00bbon|phone\u00a0\u00bb custom_margin=\u00a0\u00bb-106px||||false|false\u00a0\u00bb custom_margin_tablet=\u00a0\u00bb-81px||||false|false\u00a0\u00bb custom_margin_phone=\u00a0\u00bb-81px|-15px||12px|false|false\u00a0\u00bb custom_margin_last_edited=\u00a0\u00bbon|phone\u00a0\u00bb custom_padding=\u00a0\u00bb41px|24px||0px|false|false\u00a0\u00bb animation_style=\u00a0\u00bbslide\u00a0\u00bb animation_direction=\u00a0\u00bbleft\u00a0\u00bb animation_intensity_slide=\u00a0\u00bb10%\u00a0\u00bb box_shadow_style=\u00a0\u00bbpreset1&Prime; box_shadow_horizontal=\u00a0\u00bb17px\u00a0\u00bb box_shadow_vertical=\u00a0\u00bb31px\u00a0\u00bb global_colors_info=\u00a0\u00bb{}\u00a0\u00bb][\/et_pb_image][\/et_pb_column][et_pb_column type=\u00a0\u00bb1_2&Prime; _builder_version=\u00a0\u00bb4.16&Prime; custom_padding=\u00a0\u00bb|||\u00a0\u00bb global_colors_info=\u00a0\u00bb{}\u00a0\u00bb custom_padding__hover=\u00a0\u00bb|||\u00a0\u00bb][et_pb_text content_tablet=\u00a0\u00bb<\/p>\n<p class=\"%22p1%22\" style=\"%22text-align:\" left;%22><span style=\"%22color:\" #009fe3;%22><strong>Expertise and Experience<\/strong> <\/span>Avec plus de trois d\u00e9cennies d&rsquo;exp\u00e9rience dans le domaine de la communication, <span>our team has the skills and assets necessary to provide you with high quality solutions and convincing results.<\/span><\/p>\n<p class=\"%22p1%22\" style=\"%22text-align:\" left;%22><strong><span style=\"%22color:\" #009fe3;%22>Personalized Approach<\/span><\/strong> <span>Notre philosophie est d&rsquo;\u00e9tablir une relation transparente et de confiance, un contact privil\u00e9gi\u00e9 et une approche personnalis\u00e9e avec chaque client.<\/span><\/p>\n<p class=\"%22p1%22\" style=\"%22text-align:\" left;%22><strong><span style=\"%22color:\" #009fe3;%22>Creativity and Innovation <\/span><\/strong>We are constantly on the lookout for the latest trends and innovations in communication to offer you creative and original solutions that set you apart from the competition.<\/p>\n<p>\u00a0\u00bb content_phone=\u00a0\u00bb<\/p>\n<p class=\"%22p1%22\" style=\"%22text-align:\" left;%22><span style=\"%22color:\" #009fe3;%22><strong>Expertise and Experience<\/strong> <\/span>Avec plus de trois d\u00e9cennies d&rsquo;exp\u00e9rience dans le domaine de la communication, <span>our team has the skills and assets necessary to provide you with high quality solutions and convincing results.<\/span><\/p>\n<p class=\"%22p1%22\" style=\"%22text-align:\" left;%22><strong><span style=\"%22color:\" #009fe3;%22>Personalized Approach<\/span><\/strong> <span>Notre philosophie est d&rsquo;\u00e9tablir une relation transparente et de confiance, un contact privil\u00e9gi\u00e9 et une approche personnalis\u00e9e avec chaque client.<\/span><\/p>\n<p class=\"%22p1%22\" style=\"%22text-align:\" left;%22><strong><span style=\"%22color:\" #009fe3;%22>Creativity and Innovation <\/span><\/strong>We are constantly on the lookout for the latest trends and innovations in communication to offer you creative and original solutions that set you apart from the competition.<\/p>\n<p>\u00a0\u00bb content_last_edited=\u00a0\u00bbon|phone\u00a0\u00bb _builder_version=\u00a0\u00bb4.25.1&Prime; text_font=\u00a0\u00bb||||||||\u00a0\u00bb text_text_color=\u00a0\u00bb#747d88&Prime; text_font_size=\u00a0\u00bb20px\u00a0\u00bb text_line_height=\u00a0\u00bb1.8em\u00a0\u00bb header_font=\u00a0\u00bb||||||||\u00a0\u00bb header_3_font=\u00a0\u00bbMontserrat||||||||\u00a0\u00bb header_3_line_height=\u00a0\u00bb1.5em\u00a0\u00bb background_size=\u00a0\u00bbinitial\u00a0\u00bb background_position=\u00a0\u00bbtop_left\u00a0\u00bb background_repeat=\u00a0\u00bbrepeat\u00a0\u00bb max_width=\u00a0\u00bb700px\u00a0\u00bb module_alignment=\u00a0\u00bbcenter\u00a0\u00bb custom_margin=\u00a0\u00bb-59px|||||\u00a0\u00bb custom_margin_tablet=\u00a0\u00bb37px||||false|false\u00a0\u00bb custom_margin_phone=\u00a0\u00bb37px||||false|false\u00a0\u00bb custom_margin_last_edited=\u00a0\u00bbon|phone\u00a0\u00bb animation_style=\u00a0\u00bbfade\u00a0\u00bb animation_direction=\u00a0\u00bbtop\u00a0\u00bb text_font_size_tablet=\u00a0\u00bb20px\u00a0\u00bb text_font_size_phone=\u00a0\u00bb17px\u00a0\u00bb text_font_size_last_edited=\u00a0\u00bbon|phone\u00a0\u00bb text_orientation_tablet=\u00a0\u00bb\u00a0\u00bb text_orientation_phone=\u00a0\u00bbcenter\u00a0\u00bb text_orientation_last_edited=\u00a0\u00bbon|phone\u00a0\u00bb global_colors_info=\u00a0\u00bb{}\u00a0\u00bb]<\/p>\n<p class=\"p1\"><span style=\"color: #009fe3;\"><strong>Expertise and Experience<\/strong>\u00a0<\/span>Avec plus de trois d\u00e9cennies d&rsquo;exp\u00e9rience dans le domaine de la communication, <span>our team has the skills and assets necessary to provide you with high quality solutions and convincing results.<\/span><\/p>\n<p class=\"p1\"><strong><span style=\"color: #009fe3;\">Personalized Approach<\/span><\/strong> <span>Notre philosophie est d&rsquo;\u00e9tablir une relation transparente et de confiance, un contact privil\u00e9gi\u00e9 et une approche personnalis\u00e9e avec chaque client.<\/span><\/p>\n<p class=\"p1\"><strong><span style=\"color: #009fe3;\">Creativity and Innovation <\/span><\/strong>We are constantly on the lookout for the latest trends and innovations in communication to offer you creative and original solutions that set you apart from the competition.<\/p>\n<p>[\/et_pb_text][\/et_pb_column][\/et_pb_row][et_pb_row _builder_version=\u00a0\u00bb4.25.0&Prime; _module_preset=\u00a0\u00bbdefault\u00a0\u00bb custom_padding=\u00a0\u00bb47px||64px|||\u00a0\u00bb global_colors_info=\u00a0\u00bb{}\u00a0\u00bb][et_pb_column type=\u00a0\u00bb4_4&Prime; _builder_version=\u00a0\u00bb4.25.0&Prime; _module_preset=\u00a0\u00bbdefault\u00a0\u00bb global_colors_info=\u00a0\u00bb{}\u00a0\u00bb][et_pb_button button_url=\u00a0\u00bb@ET-DC@eyJkeW5hbWljIjp0cnVlLCJjb250ZW50IjoicG9zdF9saW5rX3VybF9wYWdlIiwic2V0dGluZ3MiOnsicG9zdF9pZCI6IjE5MzYifX0=@\u00a0\u00bb button_text=\u00a0\u00bbParlez-nous de vos projets\u00a0\u00bb button_alignment=\u00a0\u00bbcenter\u00a0\u00bb _builder_version=\u00a0\u00bb4.25.1&Prime; _dynamic_attributes=\u00a0\u00bbbutton_url\u00a0\u00bb _module_preset=\u00a0\u00bbdefault\u00a0\u00bb global_colors_info=\u00a0\u00bb{}\u00a0\u00bb][\/et_pb_button][\/et_pb_column][\/et_pb_row][\/et_pb_section]<\/p>\n<span class=\"et_bloom_bottom_trigger\"><\/span>","protected":false},"excerpt":{"rendered":"<p>Strat\u00e9gies de Communication Personnalis\u00e9es<\/p>\n<p>Chez top of com, nous comprenons que chaque entreprise est unique, tout comme ses besoins en mati\u00e8re de communication. C&rsquo;est pourquoi nous sommes fiers de proposer des strat\u00e9gies de communication enti\u00e8rement personnalis\u00e9es, con\u00e7ues sp\u00e9cifiquement pour r\u00e9pondre \u00e0 vos objectifs et \u00e0 votre identit\u00e9 de marque. Avec notre expertise de plus de 35 ans dans le domaine, nous sommes l\u00e0 pour vous guider \u00e0 chaque \u00e9tape de votre parcours de communication.<\/p>","protected":false},"author":1,"featured_media":0,"parent":0,"menu_order":0,"comment_status":"closed","ping_status":"closed","template":"","meta":{"_et_pb_use_builder":"on","_et_pb_old_content":"","_et_gb_content_width":"","footnotes":""},"class_list":["post-1781","page","type-page","status-publish","hentry"],"aioseo_notices":[],"_links":{"self":[{"href":"https:\/\/topofcom.net\/en\/wp-json\/wp\/v2\/pages\/1781","targetHints":{"allow":["GET"]}}],"collection":[{"href":"https:\/\/topofcom.net\/en\/wp-json\/wp\/v2\/pages"}],"about":[{"href":"https:\/\/topofcom.net\/en\/wp-json\/wp\/v2\/types\/page"}],"author":[{"embeddable":true,"href":"https:\/\/topofcom.net\/en\/wp-json\/wp\/v2\/users\/1"}],"replies":[{"embeddable":true,"href":"https:\/\/topofcom.net\/en\/wp-json\/wp\/v2\/comments?post=1781"}],"version-history":[{"count":4,"href":"https:\/\/topofcom.net\/en\/wp-json\/wp\/v2\/pages\/1781\/revisions"}],"predecessor-version":[{"id":2779,"href":"https:\/\/topofcom.net\/en\/wp-json\/wp\/v2\/pages\/1781\/revisions\/2779"}],"wp:attachment":[{"href":"https:\/\/topofcom.net\/en\/wp-json\/wp\/v2\/media?parent=1781"}],"curies":[{"name":"wp","href":"https:\/\/api.w.org\/{rel}","templated":true}]}}